{"id":223363,"date":"2023-12-05T09:50:37","date_gmt":"2023-12-05T09:50:37","guid":{"rendered":"https:\/\/grananimal.com\/blog\/?page_id=223363"},"modified":"2023-12-05T10:16:34","modified_gmt":"2023-12-05T10:16:34","slug":"inicio","status":"publish","type":"page","link":"https:\/\/grananimal.com\/blog\/","title":{"rendered":"inicio"},"content":{"rendered":"<p>[et_pb_section fb_built=\u00bb1&#8243; admin_label=\u00bbBlog\u00bb _builder_version=\u00bb4.19.1&#8243; _module_preset=\u00bbdefault\u00bb collapsed=\u00bbon\u00bb global_colors_info=\u00bb{}\u00bb][et_pb_row _builder_version=\u00bb4.19.1&#8243; _module_preset=\u00bbdefault\u00bb max_width=\u00bb700px\u00bb global_colors_info=\u00bb{}\u00bb][et_pb_column type=\u00bb4_4&#8243; _builder_version=\u00bb4.19.1&#8243; _module_preset=\u00bbdefault\u00bb global_colors_info=\u00bb{}\u00bb][et_pb_text _builder_version=\u00bb4.23.1&#8243; _module_preset=\u00bb1e5ff448-ab4d-4310-a17a-7790aee6c66e\u00bb text_orientation=\u00bbcenter\u00bb custom_margin=\u00bb||0px||false|false\u00bb global_colors_info=\u00bb{}\u00bb]<\/p>\n<h1>Blog Gran<span style=\"color: #ff914c;\">A<\/span>nimal<\/h1>\n<p>[\/et_pb_text][et_pb_text _builder_version=\u00bb4.23.1&#8243; _module_preset=\u00bbe3f84a04-6205-4b28-a42d-7804a05984df\u00bb text_orientation=\u00bbcenter\u00bb global_colors_info=\u00bb{}\u00bb]<\/p>\n<p>Bienvenidos a nuestro blog dedicado a los amantes de las mascotas y la naturaleza. Exploraremos el fascinante mundo de accesorios para animales, desde juguetes hasta delicias gourmet, ofreciendo productos para gatos, perros, roedores, peces, reptiles, tortugas y entusiastas del huerto urbano. Acomp\u00e1\u00f1anos en esta traves\u00eda para descubrir consejos, tendencias y recomendaciones para consentir a tus amigos peludos y cultivar un huerto urbano enriquecedor. \u00a1Creemos juntos experiencias inolvidables para ti y tus adorables compa\u00f1eros!<\/p>\n<p>[\/et_pb_text][\/et_pb_column][\/et_pb_row][et_pb_row _builder_version=\u00bb4.19.1&#8243; _module_preset=\u00bbdefault\u00bb global_colors_info=\u00bb{}\u00bb][et_pb_column type=\u00bb4_4&#8243; _builder_version=\u00bb4.19.1&#8243; _module_preset=\u00bbdefault\u00bb global_colors_info=\u00bb{}\u00bb][et_pb_blog fullwidth=\u00bboff\u00bb posts_number=\u00bb9&#8243; include_categories=\u00bb2&#8243; show_more=\u00bbon\u00bb show_author=\u00bboff\u00bb masonry_tile_background_color=\u00bbRGBA(255,255,255,0)\u00bb _builder_version=\u00bb4.23.1&#8243; _module_preset=\u00bb0e1afa7b-7aa3-4268-a566-677091e29faa\u00bb header_font=\u00bbSource Sans Pro|600|||||||\u00bb header_font_size=\u00bb20px\u00bb header_line_height=\u00bb1.2em\u00bb meta_font=\u00bbSource Sans Pro|600|||||||\u00bb read_more_font=\u00bbSource Sans Pro|700||on|||||\u00bb read_more_text_color=\u00bb#000000&#8243; pagination_font=\u00bbSource Sans Pro|700||on|||||\u00bb pagination_text_color=\u00bb#000000&#8243; hover_enabled=\u00bb0&#8243; header_font_size_tablet=\u00bb16px\u00bb header_font_size_phone=\u00bb15px\u00bb header_font_size_last_edited=\u00bbon|desktop\u00bb border_radii=\u00bbon|30px|30px|30px|30px\u00bb border_color_all=\u00bbrgba(0,0,0,0.12)\u00bb locked=\u00bboff\u00bb global_colors_info=\u00bb{}\u00bb sticky_enabled=\u00bb0&#8243; meta_text_color=\u00bb#FC9569&#8243;][\/et_pb_blog][\/et_pb_column][\/et_pb_row][et_pb_row _builder_version=\u00bb4.19.1&#8243; _module_preset=\u00bbdefault\u00bb max_width=\u00bb700px\u00bb global_colors_info=\u00bb{}\u00bb][et_pb_column type=\u00bb4_4&#8243; _builder_version=\u00bb4.19.1&#8243; _module_preset=\u00bbdefault\u00bb global_colors_info=\u00bb{}\u00bb][et_pb_text _builder_version=\u00bb4.23.1&#8243; _module_preset=\u00bb279e19d5-6c9f-4fc4-b1b2-4349642edda7&#8243; text_orientation=\u00bbcenter\u00bb custom_margin=\u00bb||10px||false|false\u00bb global_colors_info=\u00bb{}\u00bb]<\/p>\n<h2>Subscr\u00edbete<\/h2>\n<p>[\/et_pb_text][et_pb_text _builder_version=\u00bb4.23.1&#8243; _module_preset=\u00bbe3f84a04-6205-4b28-a42d-7804a05984df\u00bb text_orientation=\u00bbcenter\u00bb global_colors_info=\u00bb{}\u00bb]<\/p>\n<p>\u00a1No te pierdas las \u00faltimas novedades para consentir a tu gran amigo peludo! Suscr\u00edbete a nuestra newsletter de GranAnimal y descubre ofertas exclusivas, consejos expertos y mucho m\u00e1s. \ud83d\udc3e\u2728<\/p>\n<p>[\/et_pb_text][et_pb_signup mailchimp_list=\u00bbundefined|elegantthemestest|1ea2bbd026&#8243; first_name_field=\u00bboff\u00bb last_name_field=\u00bboff\u00bb _builder_version=\u00bb4.23.1&#8243; _module_preset=\u00bbf47f3021-9e92-4181-9812-e4effef90f96&#8243; button_bg_color=\u00bb#ff914c\u00bb locked=\u00bboff\u00bb global_colors_info=\u00bb{}\u00bb][\/et_pb_signup][\/et_pb_column][\/et_pb_row][\/et_pb_section]<\/p>\n","protected":false},"excerpt":{"rendered":"<p>Blog GranAnimalBienvenidos a nuestro blog dedicado a los amantes de las mascotas y la naturaleza. Exploraremos el fascinante mundo de accesorios para animales, desde juguetes hasta delicias gourmet, ofreciendo productos para gatos, perros, roedores, peces, reptiles, tortugas y entusiastas del huerto urbano. Acomp\u00e1\u00f1anos en esta traves\u00eda para descubrir consejos, tendencias y recomendaciones para consentir a [&hellip;]<\/p>\n","protected":false},"author":1,"featured_media":0,"parent":0,"menu_order":0,"comment_status":"closed","ping_status":"closed","template":"","meta":{"_et_pb_use_builder":"on","_et_pb_old_content":"","_et_gb_content_width":"","footnotes":""},"class_list":["post-223363","page","type-page","status-publish","hentry"],"yoast_head":"<!-- This site is optimized with the Yoast SEO plugin v26.9 - https:\/\/yoast.com\/product\/yoast-seo-wordpress\/ -->\n<title>inicio - Grananimal<\/title>\n<meta name=\"robots\" content=\"index, follow, max-snippet:-1, max-image-preview:large, max-video-preview:-1\" \/>\n<link rel=\"canonical\" href=\"https:\/\/grananimal.com\/blog\/\" \/>\n<meta property=\"og:locale\" content=\"es_ES\" \/>\n<meta property=\"og:type\" content=\"article\" \/>\n<meta property=\"og:title\" content=\"inicio - Grananimal\" \/>\n<meta property=\"og:description\" content=\"Blog GranAnimalBienvenidos a nuestro blog dedicado a los amantes de las mascotas y la naturaleza. Exploraremos el fascinante mundo de accesorios para animales, desde juguetes hasta delicias gourmet, ofreciendo productos para gatos, perros, roedores, peces, reptiles, tortugas y entusiastas del huerto urbano. Acomp\u00e1\u00f1anos en esta traves\u00eda para descubrir consejos, tendencias y recomendaciones para consentir a [&hellip;]\" \/>\n<meta property=\"og:url\" content=\"https:\/\/grananimal.com\/blog\/\" \/>\n<meta property=\"og:site_name\" content=\"Grananimal\" \/>\n<meta property=\"article:modified_time\" content=\"2023-12-05T10:16:34+00:00\" \/>\n<meta name=\"twitter:card\" content=\"summary_large_image\" \/>\n<meta name=\"twitter:label1\" content=\"Tiempo de lectura\" \/>\n\t<meta name=\"twitter:data1\" content=\"1 minuto\" \/>\n<script type=\"application\/ld+json\" class=\"yoast-schema-graph\">{\"@context\":\"https:\/\/schema.org\",\"@graph\":[{\"@type\":\"WebPage\",\"@id\":\"https:\/\/grananimal.com\/blog\/\",\"url\":\"https:\/\/grananimal.com\/blog\/\",\"name\":\"inicio - Grananimal\",\"isPartOf\":{\"@id\":\"https:\/\/grananimal.com\/blog\/#website\"},\"datePublished\":\"2023-12-05T09:50:37+00:00\",\"dateModified\":\"2023-12-05T10:16:34+00:00\",\"breadcrumb\":{\"@id\":\"https:\/\/grananimal.com\/blog\/#breadcrumb\"},\"inLanguage\":\"es\",\"potentialAction\":[{\"@type\":\"ReadAction\",\"target\":[\"https:\/\/grananimal.com\/blog\/\"]}]},{\"@type\":\"BreadcrumbList\",\"@id\":\"https:\/\/grananimal.com\/blog\/#breadcrumb\",\"itemListElement\":[{\"@type\":\"ListItem\",\"position\":1,\"name\":\"Portada\",\"item\":\"https:\/\/grananimal.com\/blog\/\"},{\"@type\":\"ListItem\",\"position\":2,\"name\":\"inicio\"}]},{\"@type\":\"WebSite\",\"@id\":\"https:\/\/grananimal.com\/blog\/#website\",\"url\":\"https:\/\/grananimal.com\/blog\/\",\"name\":\"Grananimal\",\"description\":\"\",\"potentialAction\":[{\"@type\":\"SearchAction\",\"target\":{\"@type\":\"EntryPoint\",\"urlTemplate\":\"https:\/\/grananimal.com\/blog\/?s={search_term_string}\"},\"query-input\":{\"@type\":\"PropertyValueSpecification\",\"valueRequired\":true,\"valueName\":\"search_term_string\"}}],\"inLanguage\":\"es\"}]}<\/script>\n<!-- \/ Yoast SEO plugin. -->","yoast_head_json":{"title":"inicio - Grananimal","robots":{"index":"index","follow":"follow","max-snippet":"max-snippet:-1","max-image-preview":"max-image-preview:large","max-video-preview":"max-video-preview:-1"},"canonical":"https:\/\/grananimal.com\/blog\/","og_locale":"es_ES","og_type":"article","og_title":"inicio - Grananimal","og_description":"Blog GranAnimalBienvenidos a nuestro blog dedicado a los amantes de las mascotas y la naturaleza. Exploraremos el fascinante mundo de accesorios para animales, desde juguetes hasta delicias gourmet, ofreciendo productos para gatos, perros, roedores, peces, reptiles, tortugas y entusiastas del huerto urbano. Acomp\u00e1\u00f1anos en esta traves\u00eda para descubrir consejos, tendencias y recomendaciones para consentir a [&hellip;]","og_url":"https:\/\/grananimal.com\/blog\/","og_site_name":"Grananimal","article_modified_time":"2023-12-05T10:16:34+00:00","twitter_card":"summary_large_image","twitter_misc":{"Tiempo de lectura":"1 minuto"},"schema":{"@context":"https:\/\/schema.org","@graph":[{"@type":"WebPage","@id":"https:\/\/grananimal.com\/blog\/","url":"https:\/\/grananimal.com\/blog\/","name":"inicio - Grananimal","isPartOf":{"@id":"https:\/\/grananimal.com\/blog\/#website"},"datePublished":"2023-12-05T09:50:37+00:00","dateModified":"2023-12-05T10:16:34+00:00","breadcrumb":{"@id":"https:\/\/grananimal.com\/blog\/#breadcrumb"},"inLanguage":"es","potentialAction":[{"@type":"ReadAction","target":["https:\/\/grananimal.com\/blog\/"]}]},{"@type":"BreadcrumbList","@id":"https:\/\/grananimal.com\/blog\/#breadcrumb","itemListElement":[{"@type":"ListItem","position":1,"name":"Portada","item":"https:\/\/grananimal.com\/blog\/"},{"@type":"ListItem","position":2,"name":"inicio"}]},{"@type":"WebSite","@id":"https:\/\/grananimal.com\/blog\/#website","url":"https:\/\/grananimal.com\/blog\/","name":"Grananimal","description":"","potentialAction":[{"@type":"SearchAction","target":{"@type":"EntryPoint","urlTemplate":"https:\/\/grananimal.com\/blog\/?s={search_term_string}"},"query-input":{"@type":"PropertyValueSpecification","valueRequired":true,"valueName":"search_term_string"}}],"inLanguage":"es"}]}},"_links":{"self":[{"href":"https:\/\/grananimal.com\/blog\/wp-json\/wp\/v2\/pages\/223363","targetHints":{"allow":["GET"]}}],"collection":[{"href":"https:\/\/grananimal.com\/blog\/wp-json\/wp\/v2\/pages"}],"about":[{"href":"https:\/\/grananimal.com\/blog\/wp-json\/wp\/v2\/types\/page"}],"author":[{"embeddable":true,"href":"https:\/\/grananimal.com\/blog\/wp-json\/wp\/v2\/users\/1"}],"replies":[{"embeddable":true,"href":"https:\/\/grananimal.com\/blog\/wp-json\/wp\/v2\/comments?post=223363"}],"version-history":[{"count":4,"href":"https:\/\/grananimal.com\/blog\/wp-json\/wp\/v2\/pages\/223363\/revisions"}],"predecessor-version":[{"id":223385,"href":"https:\/\/grananimal.com\/blog\/wp-json\/wp\/v2\/pages\/223363\/revisions\/223385"}],"wp:attachment":[{"href":"https:\/\/grananimal.com\/blog\/wp-json\/wp\/v2\/media?parent=223363"}],"curies":[{"name":"wp","href":"https:\/\/api.w.org\/{rel}","templated":true}]}}